{"id":6170,"date":"2023-10-08T18:40:56","date_gmt":"2023-10-08T16:40:56","guid":{"rendered":"https:\/\/backtothebasics.me\/odricanje-od-odgovornosti\/"},"modified":"2025-03-19T21:12:10","modified_gmt":"2025-03-19T20:12:10","slug":"odricanje-od-odgovornosti","status":"publish","type":"page","link":"https:\/\/backtothebasics.me\/bs\/odricanje-od-odgovornosti\/","title":{"rendered":"Odricanje od odgovornosti"},"content":{"rendered":"<div class=\"fusion-fullwidth fullwidth-box fusion-builder-row-1 fusion-flex-container has-pattern-background has-mask-background nonhundred-percent-fullwidth non-hundred-percent-height-scrolling\" style=\"--awb-border-radius-top-left:0px;--awb-border-radius-top-right:0px;--awb-border-radius-bottom-right:0px;--awb-border-radius-bottom-left:0px;--awb-flex-wrap:wrap;\" ><div class=\"fusion-builder-row fusion-row fusion-flex-align-items-flex-start fusion-flex-content-wrap\" style=\"max-width:1216.8px;margin-left: calc(-4% \/ 2 );margin-right: calc(-4% \/ 2 );\"><div class=\"fusion-layout-column fusion_builder_column fusion-builder-column-0 fusion_builder_column_1_1 1_1 fusion-flex-column\" style=\"--awb-bg-size:cover;--awb-width-large:100%;--awb-margin-top-large:0px;--awb-spacing-right-large:1.92%;--awb-margin-bottom-large:20px;--awb-spacing-left-large:1.92%;--awb-width-medium:100%;--awb-order-medium:0;--awb-spacing-right-medium:1.92%;--awb-spacing-left-medium:1.92%;--awb-width-small:100%;--awb-order-small:0;--awb-spacing-right-small:1.92%;--awb-spacing-left-small:1.92%;\"><div class=\"fusion-column-wrapper fusion-column-has-shadow fusion-flex-justify-content-flex-start fusion-content-layout-column\"><div class=\"fusion-text fusion-text-1\"><h1>Odricanje od odgovornosti<\/h1>\n<\/div><div class=\"fusion-separator\" style=\"align-self: flex-start;margin-right:auto;margin-bottom:60px;width:100%;max-width:200px;\"><div class=\"fusion-separator-border sep-single sep-solid\" style=\"--awb-height:20px;--awb-amount:20px;--awb-sep-color:var(--awb-color4);border-color:var(--awb-color4);border-top-width:2px;\"><\/div><\/div><div class=\"fusion-text fusion-text-2\"><h3>Odgovornost za sadr\u017eaj<\/h3>\n<p>Kao pru\u017ealac usluga, odgovorni smo za sopstveni sadr\u017eaj na ovim stranicama u skladu sa op\u0161tim zakonom, u skladu sa \u010dlanom 7 (1) Nema\u010dkog zakona o telekomunikacijama (TMG). Me\u0111utim, prema \u010dlanovima 8 do 10 njema\u010dkog Zakona o telekomunikacijama (TMG), mi kao pru\u017eatelji usluga nismo u obavezi da nadgledamo prenete ili pohranjene informacije tre\u0107ih strana niti da istra\u017eujemo okolnosti koje ukazuju na nezakonitu aktivnost.  <\/p>\n<p>Obaveze uklanjanja ili blokiranja kori\u0161tenja informacija prema op\u0107im zakonima ostaju nepromijenjene. Me\u0111utim, odgovornost u tom pogledu je mogu\u0107a tek od trenutka saznanja za konkretnu povredu zakona. Ako budemo svjesni bilo kakvog takvog kr\u0161enja, odmah \u0107emo ukloniti sadr\u017eaj.<\/p>\n<div class=\"fusion-separator fusion-full-width-sep\" style=\"align-self: center;margin-left: auto;margin-right: auto;margin-bottom:40px;width:100%;\"><\/div>\n<h3>Odgovornost za linkove<\/h3>\n<p>Na\u0161a ponuda sadr\u017ei linkove ka vanjskim web stranicama tre\u0107ih strana na \u010diji sadr\u017eaj nemamo utjecaja. Stoga ne mo\u017eemo preuzeti nikakvu odgovornost za ovaj eksterni sadr\u017eaj. Odgovaraju\u0107i provajder ili operater stranica uvijek je odgovoran za sadr\u017eaj povezanih stranica. Povezane stranice su provjerene na mogu\u0107e kr\u0161enje zakona u vrijeme povezivanja. Ilegalni sadr\u017eaj nije bio prepoznatljiv u trenutku povezivanja.    <\/p>\n<p>Me\u0111utim, stalno pra\u0107enje sadr\u017eaja povezanih stranica nije razumno bez konkretnih dokaza o kr\u0161enju zakona. Ako saznamo za bilo kakvo kr\u0161enje zakona, odmah \u0107emo ukloniti takve veze.<\/p>\n<div class=\"fusion-separator fusion-full-width-sep\" style=\"align-self: center;margin-left: auto;margin-right: auto;margin-bottom:40px;width:100%;\"><\/div>\n<h3>autorsko pravo<\/h3>\n<p>Sadr\u017eaj i radovi na ovim stranicama kreirani od strane operatera stranice podlije\u017eu njema\u010dkom zakonu o autorskim pravima. Reprodukcija, obrada, distribucija i bilo koja vrsta iskori\u0161\u0107avanja van granica zakona o autorskim pravima zahtijevaju pismenu saglasnost odgovaraju\u0107eg autora ili kreatora. Preuzimanja i kopije ovog sajta dozvoljeni su samo za privatnu, nekomercijalnu upotrebu.  <\/p>\n<p>U mjeri u kojoj sadr\u017eaj ove stranice nije kreirao operater, po\u0161tuju se autorska prava tre\u0107ih lica. Konkretno, sadr\u017eaj tre\u0107ih strana je ozna\u010den kao takav. Ako ipak saznate za kr\u0161enje autorskih prava, molimo vas da nas o tome obavijestite. Ako saznamo za bilo kakvo kr\u0161enje zakona, odmah \u0107emo ukloniti takav sadr\u017eaj.<\/p>\n<\/div><\/div><\/div><\/div><\/div>\n","protected":false},"excerpt":{"rendered":"","protected":false},"author":2,"featured_media":0,"parent":0,"menu_order":0,"comment_status":"closed","ping_status":"closed","template":"","meta":{"footnotes":""},"class_list":["post-6170","page","type-page","status-publish","hentry"],"yoast_head":"<!-- This site is optimized with the Yoast SEO plugin v27.3 - https:\/\/yoast.com\/product\/yoast-seo-wordpress\/ -->\n<title>Odricanje od odgovornosti - Nazad na osnove<\/title>\n<meta name=\"robots\" content=\"index, follow, max-snippet:-1, max-image-preview:large, max-video-preview:-1\" \/>\n<link rel=\"canonical\" href=\"https:\/\/backtothebasics.me\/bs\/odricanje-od-odgovornosti\/\" \/>\n<meta property=\"og:locale\" content=\"bs_BA\" \/>\n<meta property=\"og:type\" content=\"article\" \/>\n<meta property=\"og:title\" content=\"Odricanje od odgovornosti - Nazad na osnove\" \/>\n<meta property=\"og:url\" content=\"https:\/\/backtothebasics.me\/bs\/odricanje-od-odgovornosti\/\" \/>\n<meta property=\"og:site_name\" content=\"Nazad na osnove\" \/>\n<meta property=\"article:publisher\" content=\"https:\/\/www.facebook.com\/backtothebasicsme\/\" \/>\n<meta property=\"article:modified_time\" content=\"2025-03-19T20:12:10+00:00\" \/>\n<meta name=\"twitter:card\" content=\"summary_large_image\" \/>\n<meta name=\"twitter:label1\" content=\"Proc. vrijeme \u010ditanja \" \/>\n\t<meta name=\"twitter:data1\" content=\"8 minuta\" \/>\n<script type=\"application\/ld+json\" class=\"yoast-schema-graph\">{\"@context\":\"https:\\\/\\\/schema.org\",\"@graph\":[{\"@type\":\"WebPage\",\"@id\":\"https:\\\/\\\/backtothebasics.me\\\/bs\\\/odricanje-od-odgovornosti\\\/\",\"url\":\"https:\\\/\\\/backtothebasics.me\\\/bs\\\/odricanje-od-odgovornosti\\\/\",\"name\":\"Odricanje od odgovornosti - Nazad na osnove\",\"isPartOf\":{\"@id\":\"https:\\\/\\\/backtothebasics.me\\\/bs\\\/#website\"},\"datePublished\":\"2023-10-08T16:40:56+00:00\",\"dateModified\":\"2025-03-19T20:12:10+00:00\",\"breadcrumb\":{\"@id\":\"https:\\\/\\\/backtothebasics.me\\\/bs\\\/odricanje-od-odgovornosti\\\/#breadcrumb\"},\"inLanguage\":\"bs-BA\",\"potentialAction\":[{\"@type\":\"ReadAction\",\"target\":[\"https:\\\/\\\/backtothebasics.me\\\/bs\\\/odricanje-od-odgovornosti\\\/\"]}]},{\"@type\":\"BreadcrumbList\",\"@id\":\"https:\\\/\\\/backtothebasics.me\\\/bs\\\/odricanje-od-odgovornosti\\\/#breadcrumb\",\"itemListElement\":[{\"@type\":\"ListItem\",\"position\":1,\"name\":\"Dom\",\"item\":\"https:\\\/\\\/backtothebasics.me\\\/bs\\\/nazad-na-osnove\\\/\"},{\"@type\":\"ListItem\",\"position\":2,\"name\":\"Odricanje od odgovornosti\"}]},{\"@type\":\"WebSite\",\"@id\":\"https:\\\/\\\/backtothebasics.me\\\/bs\\\/#website\",\"url\":\"https:\\\/\\\/backtothebasics.me\\\/bs\\\/\",\"name\":\"Back to the Basics\",\"description\":\"Prirodna pomo\u0107 za samopomo\u0107\",\"potentialAction\":[{\"@type\":\"SearchAction\",\"target\":{\"@type\":\"EntryPoint\",\"urlTemplate\":\"https:\\\/\\\/backtothebasics.me\\\/bs\\\/?s={search_term_string}\"},\"query-input\":{\"@type\":\"PropertyValueSpecification\",\"valueRequired\":true,\"valueName\":\"search_term_string\"}}],\"inLanguage\":\"bs-BA\"}]}<\/script>\n<!-- \/ Yoast SEO plugin. -->","yoast_head_json":{"title":"Odricanje od odgovornosti - Nazad na osnove","robots":{"index":"index","follow":"follow","max-snippet":"max-snippet:-1","max-image-preview":"max-image-preview:large","max-video-preview":"max-video-preview:-1"},"canonical":"https:\/\/backtothebasics.me\/bs\/odricanje-od-odgovornosti\/","og_locale":"bs_BA","og_type":"article","og_title":"Odricanje od odgovornosti - Nazad na osnove","og_url":"https:\/\/backtothebasics.me\/bs\/odricanje-od-odgovornosti\/","og_site_name":"Nazad na osnove","article_publisher":"https:\/\/www.facebook.com\/backtothebasicsme\/","article_modified_time":"2025-03-19T20:12:10+00:00","twitter_card":"summary_large_image","twitter_misc":{"Proc. vrijeme \u010ditanja ":"8 minuta"},"schema":{"@context":"https:\/\/schema.org","@graph":[{"@type":"WebPage","@id":"https:\/\/backtothebasics.me\/bs\/odricanje-od-odgovornosti\/","url":"https:\/\/backtothebasics.me\/bs\/odricanje-od-odgovornosti\/","name":"Odricanje od odgovornosti - Nazad na osnove","isPartOf":{"@id":"https:\/\/backtothebasics.me\/bs\/#website"},"datePublished":"2023-10-08T16:40:56+00:00","dateModified":"2025-03-19T20:12:10+00:00","breadcrumb":{"@id":"https:\/\/backtothebasics.me\/bs\/odricanje-od-odgovornosti\/#breadcrumb"},"inLanguage":"bs-BA","potentialAction":[{"@type":"ReadAction","target":["https:\/\/backtothebasics.me\/bs\/odricanje-od-odgovornosti\/"]}]},{"@type":"BreadcrumbList","@id":"https:\/\/backtothebasics.me\/bs\/odricanje-od-odgovornosti\/#breadcrumb","itemListElement":[{"@type":"ListItem","position":1,"name":"Dom","item":"https:\/\/backtothebasics.me\/bs\/nazad-na-osnove\/"},{"@type":"ListItem","position":2,"name":"Odricanje od odgovornosti"}]},{"@type":"WebSite","@id":"https:\/\/backtothebasics.me\/bs\/#website","url":"https:\/\/backtothebasics.me\/bs\/","name":"Back to the Basics","description":"Prirodna pomo\u0107 za samopomo\u0107","potentialAction":[{"@type":"SearchAction","target":{"@type":"EntryPoint","urlTemplate":"https:\/\/backtothebasics.me\/bs\/?s={search_term_string}"},"query-input":{"@type":"PropertyValueSpecification","valueRequired":true,"valueName":"search_term_string"}}],"inLanguage":"bs-BA"}]}},"jetpack_sharing_enabled":true,"_links":{"self":[{"href":"https:\/\/backtothebasics.me\/bs\/wp-json\/wp\/v2\/pages\/6170","targetHints":{"allow":["GET"]}}],"collection":[{"href":"https:\/\/backtothebasics.me\/bs\/wp-json\/wp\/v2\/pages"}],"about":[{"href":"https:\/\/backtothebasics.me\/bs\/wp-json\/wp\/v2\/types\/page"}],"author":[{"embeddable":true,"href":"https:\/\/backtothebasics.me\/bs\/wp-json\/wp\/v2\/users\/2"}],"replies":[{"embeddable":true,"href":"https:\/\/backtothebasics.me\/bs\/wp-json\/wp\/v2\/comments?post=6170"}],"version-history":[{"count":2,"href":"https:\/\/backtothebasics.me\/bs\/wp-json\/wp\/v2\/pages\/6170\/revisions"}],"predecessor-version":[{"id":6181,"href":"https:\/\/backtothebasics.me\/bs\/wp-json\/wp\/v2\/pages\/6170\/revisions\/6181"}],"wp:attachment":[{"href":"https:\/\/backtothebasics.me\/bs\/wp-json\/wp\/v2\/media?parent=6170"}],"curies":[{"name":"wp","href":"https:\/\/api.w.org\/{rel}","templated":true}]}}