{"id":5789,"date":"2023-10-08T18:41:33","date_gmt":"2023-10-08T16:41:33","guid":{"rendered":"https:\/\/backtothebasics.me\/otisak\/"},"modified":"2025-03-19T21:10:38","modified_gmt":"2025-03-19T20:10:38","slug":"otisak","status":"publish","type":"page","link":"https:\/\/backtothebasics.me\/bs\/otisak\/","title":{"rendered":"otisak"},"content":{"rendered":"<div class=\"fusion-fullwidth fullwidth-box fusion-builder-row-1 fusion-flex-container has-pattern-background has-mask-background nonhundred-percent-fullwidth non-hundred-percent-height-scrolling\" style=\"--awb-border-radius-top-left:0px;--awb-border-radius-top-right:0px;--awb-border-radius-bottom-right:0px;--awb-border-radius-bottom-left:0px;--awb-flex-wrap:wrap;\" ><div class=\"fusion-builder-row fusion-row fusion-flex-align-items-flex-start fusion-flex-content-wrap\" style=\"max-width:1216.8px;margin-left: calc(-4% \/ 2 );margin-right: calc(-4% \/ 2 );\"><div class=\"fusion-layout-column fusion_builder_column fusion-builder-column-0 fusion_builder_column_1_1 1_1 fusion-flex-column\" style=\"--awb-bg-size:cover;--awb-width-large:100%;--awb-margin-top-large:0px;--awb-spacing-right-large:1.92%;--awb-margin-bottom-large:20px;--awb-spacing-left-large:1.92%;--awb-width-medium:100%;--awb-order-medium:0;--awb-spacing-right-medium:1.92%;--awb-spacing-left-medium:1.92%;--awb-width-small:100%;--awb-order-small:0;--awb-spacing-right-small:1.92%;--awb-spacing-left-small:1.92%;\"><div class=\"fusion-column-wrapper fusion-column-has-shadow fusion-flex-justify-content-flex-start fusion-content-layout-column\"><div class=\"fusion-text fusion-text-1\"><h1>otisak<\/h1>\n<\/div><div class=\"fusion-separator\" style=\"align-self: flex-start;margin-right:auto;margin-bottom:60px;width:100%;max-width:200px;\"><div class=\"fusion-separator-border sep-single sep-solid\" style=\"--awb-height:20px;--awb-amount:20px;--awb-sep-color:var(--awb-color4);border-color:var(--awb-color4);border-top-width:2px;\"><\/div><\/div><div class=\"fusion-text fusion-text-2\"><h2>Informacije prema \u00a7 5 TMG<\/h2>\n<p>Julia Embacher<br \/>\nEmibo &#8211; Emocija, um i tijelo<br \/>\nBolja voda bb<br \/>\n85000 Bar, Crna Gora<\/p>\n<div class=\"fusion-separator fusion-full-width-sep\" style=\"align-self: center;margin-left: auto;margin-right: auto;margin-bottom:40px;width:100%;\"><\/div>\n<h2>kontakt<\/h2>\n<p><strong>Telefon:<\/strong> +49 1522 \/ 95 99 280<br \/>\n<strong>Email:<\/strong> info@backtothebasics.me<\/p>\n<div class=\"fusion-separator fusion-full-width-sep\" style=\"align-self: center;margin-left: auto;margin-right: auto;margin-bottom:40px;width:100%;\"><\/div>\n<h2>Stru\u010dni naziv i stru\u010dni propisi<\/h2>\n<p><strong>Naziv radnog mjesta:<\/strong> Alternativni prakti\u010dar<br \/>\n<strong>Primjenjuju se sljede\u0107i profesionalni propisi:  <\/strong><\/p>\n<p><strong>Zakon o stru\u010dnoj praksi medicine bez dozvole (Heilpraktikergesetz, BGBl. III 2122-2)<\/strong><br \/>\n http:\/\/www.gesetze-im-internet.de\/heilprg\/BJNR002510939.html<\/p>\n<p><strong>Provedbena uredba Heilpraktikergesetz (BGBl. III 2122-2-1)<\/strong><br \/>\n http:\/\/www.gesetze-im-internet.de\/heilprgdv_1\/BJNR002590939.html<\/p>\n<p><strong>Profesionalni kodeks pona\u0161anja za alternativne prakti\u010dare (BOH)<\/strong><br \/>\n http:\/\/www.heilpraktiker.org\/files\/seiteninhalt\/inhaltsseiten\/c_fuer_heilpraktiker\/ca_berufsziele\/ca-02-berufsordnung\/ca-02-01-berufsordnung-2008-final.pdf<\/p>\n<div class=\"fusion-separator fusion-full-width-sep\" style=\"align-self: center;margin-left: auto;margin-right: auto;margin-bottom:40px;width:100%;\"><\/div>\n<h2>Odgovoran za sadr\u017eaj prema \u00a7 55 st. 2 RStV <\/h2>\n<p>Julia Embacher<br \/>\n Bolja voda bb<br \/>\n 85000 Bar, Crna Gora<\/p>\n<div class=\"fusion-separator fusion-full-width-sep\" style=\"align-self: center;margin-left: auto;margin-right: auto;margin-bottom:40px;width:100%;\"><\/div>\n<h2>Rje\u0161avanje sporova<\/h2>\n<p>Evropska komisija pru\u017ea platformu za online rje\u0161avanje sporova (ODR): <a href=\"https:\/\/ec.europa.eu\/consumers\/odr\" target=\"_blank\" rel=\"noopener noreferrer\">https:\/\/ec.europa.eu\/consumers\/odr<\/a> .<br \/>\nNa\u0161u adresu e-po\u0161te mo\u017eete prona\u0107i iznad u impresumu.<\/p>\n<p>Nismo voljni ili du\u017eni u\u010destvovati u postupcima rje\u0161avanja sporova pred arbitra\u017enim odborom potro\u0161a\u010da.<\/p>\n<div class=\"fusion-separator fusion-full-width-sep\" style=\"align-self: center;margin-left: auto;margin-right: auto;margin-bottom:40px;width:100%;\"><\/div>\n<h3>Odgovornost za sadr\u017eaj<\/h3>\n<p>Kao pru\u017ealac usluga, odgovorni smo za sopstveni sadr\u017eaj na ovim stranicama u skladu sa op\u0161tim zakonom, u skladu sa \u010dlanom 7 (1) Nema\u010dkog zakona o telekomunikacijama (TMG). Me\u0111utim, prema \u010dlanovima 8 do 10 njema\u010dkog Zakona o telekomunikacijama (TMG), mi kao pru\u017eatelji usluga nismo u obavezi da nadgledamo prenete ili pohranjene informacije tre\u0107ih strana niti da istra\u017eujemo okolnosti koje ukazuju na nezakonitu aktivnost.  <\/p>\n<p>Obaveze uklanjanja ili blokiranja kori\u0161tenja informacija prema op\u0107im zakonima ostaju nepromijenjene. Me\u0111utim, odgovornost u tom pogledu je mogu\u0107a tek od trenutka saznanja za konkretnu povredu zakona. Ako budemo svjesni bilo kakvog takvog kr\u0161enja, odmah \u0107emo ukloniti sadr\u017eaj.<\/p>\n<div class=\"fusion-separator fusion-full-width-sep\" style=\"align-self: center;margin-left: auto;margin-right: auto;margin-bottom:40px;width:100%;\"><\/div>\n<h3>Odgovornost za linkove<\/h3>\n<p>Na\u0161a ponuda sadr\u017ei linkove ka vanjskim web stranicama tre\u0107ih strana na \u010diji sadr\u017eaj nemamo utjecaja. Stoga ne mo\u017eemo preuzeti nikakvu odgovornost za ovaj eksterni sadr\u017eaj. Odgovaraju\u0107i provajder ili operater stranica uvijek je odgovoran za sadr\u017eaj povezanih stranica. Povezane stranice su provjerene na mogu\u0107e kr\u0161enje zakona u vrijeme povezivanja. Ilegalni sadr\u017eaj nije bio prepoznatljiv u trenutku povezivanja.    <\/p>\n<p>Me\u0111utim, stalno pra\u0107enje sadr\u017eaja povezanih stranica nije razumno bez konkretnih dokaza o kr\u0161enju zakona. Ako saznamo za bilo kakvo kr\u0161enje zakona, odmah \u0107emo ukloniti takve veze.<\/p>\n<div class=\"fusion-separator fusion-full-width-sep\" style=\"align-self: center;margin-left: auto;margin-right: auto;margin-bottom:40px;width:100%;\"><\/div>\n<h3>autorsko pravo<\/h3>\n<p>Sadr\u017eaj i radovi na ovim stranicama kreirani od strane operatera stranice podlije\u017eu njema\u010dkom zakonu o autorskim pravima. Reprodukcija, obrada, distribucija i bilo koja vrsta iskori\u0161\u0107avanja van granica zakona o autorskim pravima zahtijevaju pismenu saglasnost odgovaraju\u0107eg autora ili kreatora. Preuzimanja i kopije ovog sajta dozvoljeni su samo za privatnu, nekomercijalnu upotrebu.  <\/p>\n<p>U mjeri u kojoj sadr\u017eaj ove stranice nije kreirao operater, po\u0161tuju se autorska prava tre\u0107ih lica. Konkretno, sadr\u017eaj tre\u0107ih strana je ozna\u010den kao takav. Ako ipak saznate za kr\u0161enje autorskih prava, molimo vas da nas o tome obavijestite. Ako saznamo za bilo kakvo kr\u0161enje zakona, odmah \u0107emo ukloniti takav sadr\u017eaj.<\/p>\n<div class=\"fusion-separator fusion-full-width-sep\" style=\"align-self: center;margin-left: auto;margin-right: auto;margin-bottom:40px;width:100%;\"><\/div>\n<h2>Izvori kori\u0161tenih slika i grafika:<\/h2>\n<p><a href=\"http:\/\/www.fotolia.de\">http:\/\/www.fotolia.de<\/a><\/p>\n<p><a href=\"http:\/\/www.istockphoto.com\">http:\/\/www.istockphoto.com<\/a><\/p>\n<p>https:\/\/www.stock.adobe.com<\/p>\n<div class=\"fusion-separator fusion-full-width-sep\" style=\"align-self: center;margin-left: auto;margin-right: auto;margin-bottom:40px;width:100%;\"><\/div>\n<h2>Informacije o osiguranju od profesionalne odgovornosti<\/h2>\n<p>Naziv i sjedi\u0161te osigurava\u010da:<br \/>\nThe Continentale<br \/>\nProperty Insurance AG<br \/>\nRuhrallee 9244139 Dortmund<\/p>\n<p>Podru\u010dje va\u017eenja osiguranja: Njema\u010dka<\/p>\n<div class=\"fusion-separator fusion-full-width-sep\" style=\"align-self: center;margin-left: auto;margin-right: auto;margin-bottom:40px;width:100%;\"><\/div>\n<h2 style=\"text-align: left;\">Posebna napomena o HWG (Zakon o ogla\u0161avanju medicinskih proizvoda)<\/h2>\n<p style=\"text-align: justify;\">Iz pravnih razloga isti\u010demo da nijedna od navedenih terapija ne ostavlja utisak da obe\u0107avamo izlje\u010denje ili da garantujemo ili obe\u0107avamo olak\u0161anje ili pobolj\u0161anje neke bolesti.<\/p>\n<\/div><\/div><\/div><\/div><\/div>\n","protected":false},"excerpt":{"rendered":"","protected":false},"author":2,"featured_media":0,"parent":0,"menu_order":0,"comment_status":"closed","ping_status":"closed","template":"","meta":{"footnotes":""},"class_list":["post-5789","page","type-page","status-publish","hentry"],"yoast_head":"<!-- This site is optimized with the Yoast SEO plugin v27.3 - https:\/\/yoast.com\/product\/yoast-seo-wordpress\/ -->\n<title>otisak - Nazad na osnove<\/title>\n<meta name=\"robots\" content=\"index, follow, max-snippet:-1, max-image-preview:large, max-video-preview:-1\" \/>\n<link rel=\"canonical\" href=\"https:\/\/backtothebasics.me\/bs\/otisak\/\" \/>\n<meta property=\"og:locale\" content=\"bs_BA\" \/>\n<meta property=\"og:type\" content=\"article\" \/>\n<meta property=\"og:title\" content=\"otisak - Nazad na osnove\" \/>\n<meta property=\"og:url\" content=\"https:\/\/backtothebasics.me\/bs\/otisak\/\" \/>\n<meta property=\"og:site_name\" content=\"Nazad na osnove\" \/>\n<meta property=\"article:publisher\" content=\"https:\/\/www.facebook.com\/backtothebasicsme\/\" \/>\n<meta property=\"article:modified_time\" content=\"2025-03-19T20:10:38+00:00\" \/>\n<meta name=\"twitter:card\" content=\"summary_large_image\" \/>\n<meta name=\"twitter:label1\" content=\"Proc. vrijeme \u010ditanja \" \/>\n\t<meta name=\"twitter:data1\" content=\"11 minuta\" \/>\n<script type=\"application\/ld+json\" class=\"yoast-schema-graph\">{\"@context\":\"https:\\\/\\\/schema.org\",\"@graph\":[{\"@type\":\"WebPage\",\"@id\":\"https:\\\/\\\/backtothebasics.me\\\/bs\\\/otisak\\\/\",\"url\":\"https:\\\/\\\/backtothebasics.me\\\/bs\\\/otisak\\\/\",\"name\":\"otisak - Nazad na osnove\",\"isPartOf\":{\"@id\":\"https:\\\/\\\/backtothebasics.me\\\/bs\\\/#website\"},\"datePublished\":\"2023-10-08T16:41:33+00:00\",\"dateModified\":\"2025-03-19T20:10:38+00:00\",\"breadcrumb\":{\"@id\":\"https:\\\/\\\/backtothebasics.me\\\/bs\\\/otisak\\\/#breadcrumb\"},\"inLanguage\":\"bs-BA\",\"potentialAction\":[{\"@type\":\"ReadAction\",\"target\":[\"https:\\\/\\\/backtothebasics.me\\\/bs\\\/otisak\\\/\"]}]},{\"@type\":\"BreadcrumbList\",\"@id\":\"https:\\\/\\\/backtothebasics.me\\\/bs\\\/otisak\\\/#breadcrumb\",\"itemListElement\":[{\"@type\":\"ListItem\",\"position\":1,\"name\":\"Dom\",\"item\":\"https:\\\/\\\/backtothebasics.me\\\/bs\\\/nazad-na-osnove\\\/\"},{\"@type\":\"ListItem\",\"position\":2,\"name\":\"otisak\"}]},{\"@type\":\"WebSite\",\"@id\":\"https:\\\/\\\/backtothebasics.me\\\/bs\\\/#website\",\"url\":\"https:\\\/\\\/backtothebasics.me\\\/bs\\\/\",\"name\":\"Back to the Basics\",\"description\":\"Prirodna pomo\u0107 za samopomo\u0107\",\"potentialAction\":[{\"@type\":\"SearchAction\",\"target\":{\"@type\":\"EntryPoint\",\"urlTemplate\":\"https:\\\/\\\/backtothebasics.me\\\/bs\\\/?s={search_term_string}\"},\"query-input\":{\"@type\":\"PropertyValueSpecification\",\"valueRequired\":true,\"valueName\":\"search_term_string\"}}],\"inLanguage\":\"bs-BA\"}]}<\/script>\n<!-- \/ Yoast SEO plugin. -->","yoast_head_json":{"title":"otisak - Nazad na osnove","robots":{"index":"index","follow":"follow","max-snippet":"max-snippet:-1","max-image-preview":"max-image-preview:large","max-video-preview":"max-video-preview:-1"},"canonical":"https:\/\/backtothebasics.me\/bs\/otisak\/","og_locale":"bs_BA","og_type":"article","og_title":"otisak - Nazad na osnove","og_url":"https:\/\/backtothebasics.me\/bs\/otisak\/","og_site_name":"Nazad na osnove","article_publisher":"https:\/\/www.facebook.com\/backtothebasicsme\/","article_modified_time":"2025-03-19T20:10:38+00:00","twitter_card":"summary_large_image","twitter_misc":{"Proc. vrijeme \u010ditanja ":"11 minuta"},"schema":{"@context":"https:\/\/schema.org","@graph":[{"@type":"WebPage","@id":"https:\/\/backtothebasics.me\/bs\/otisak\/","url":"https:\/\/backtothebasics.me\/bs\/otisak\/","name":"otisak - Nazad na osnove","isPartOf":{"@id":"https:\/\/backtothebasics.me\/bs\/#website"},"datePublished":"2023-10-08T16:41:33+00:00","dateModified":"2025-03-19T20:10:38+00:00","breadcrumb":{"@id":"https:\/\/backtothebasics.me\/bs\/otisak\/#breadcrumb"},"inLanguage":"bs-BA","potentialAction":[{"@type":"ReadAction","target":["https:\/\/backtothebasics.me\/bs\/otisak\/"]}]},{"@type":"BreadcrumbList","@id":"https:\/\/backtothebasics.me\/bs\/otisak\/#breadcrumb","itemListElement":[{"@type":"ListItem","position":1,"name":"Dom","item":"https:\/\/backtothebasics.me\/bs\/nazad-na-osnove\/"},{"@type":"ListItem","position":2,"name":"otisak"}]},{"@type":"WebSite","@id":"https:\/\/backtothebasics.me\/bs\/#website","url":"https:\/\/backtothebasics.me\/bs\/","name":"Back to the Basics","description":"Prirodna pomo\u0107 za samopomo\u0107","potentialAction":[{"@type":"SearchAction","target":{"@type":"EntryPoint","urlTemplate":"https:\/\/backtothebasics.me\/bs\/?s={search_term_string}"},"query-input":{"@type":"PropertyValueSpecification","valueRequired":true,"valueName":"search_term_string"}}],"inLanguage":"bs-BA"}]}},"jetpack_sharing_enabled":true,"_links":{"self":[{"href":"https:\/\/backtothebasics.me\/bs\/wp-json\/wp\/v2\/pages\/5789","targetHints":{"allow":["GET"]}}],"collection":[{"href":"https:\/\/backtothebasics.me\/bs\/wp-json\/wp\/v2\/pages"}],"about":[{"href":"https:\/\/backtothebasics.me\/bs\/wp-json\/wp\/v2\/types\/page"}],"author":[{"embeddable":true,"href":"https:\/\/backtothebasics.me\/bs\/wp-json\/wp\/v2\/users\/2"}],"replies":[{"embeddable":true,"href":"https:\/\/backtothebasics.me\/bs\/wp-json\/wp\/v2\/comments?post=5789"}],"version-history":[{"count":9,"href":"https:\/\/backtothebasics.me\/bs\/wp-json\/wp\/v2\/pages\/5789\/revisions"}],"predecessor-version":[{"id":5831,"href":"https:\/\/backtothebasics.me\/bs\/wp-json\/wp\/v2\/pages\/5789\/revisions\/5831"}],"wp:attachment":[{"href":"https:\/\/backtothebasics.me\/bs\/wp-json\/wp\/v2\/media?parent=5789"}],"curies":[{"name":"wp","href":"https:\/\/api.w.org\/{rel}","templated":true}]}}